{"id":3089,"date":"2023-06-15T17:25:29","date_gmt":"2023-06-15T17:25:29","guid":{"rendered":"https:\/\/workshop.rochesterapps.com\/?page_id=3089"},"modified":"2023-07-26T00:48:47","modified_gmt":"2023-07-26T00:48:47","slug":"steve","status":"publish","type":"page","link":"https:\/\/workshop.rochesterapps.com\/index.php\/steve\/","title":{"rendered":"Steve"},"content":{"rendered":"\t\t<div data-elementor-type=\"wp-page\" data-elementor-id=\"3089\" class=\"elementor elementor-3089\">\n\t\t\t\t\t\t\t\t\t<section class=\"elementor-section elementor-top-section elementor-element elementor-element-288bcb4 elementor-section-boxed elementor-section-height-default elementor-section-height-default qodef-elementor-content-no\" data-id=\"288bcb4\" data-element_type=\"section\">\n\t\t\t\t\t\t<div class=\"elementor-container elementor-column-gap-default\">\n\t\t\t\t\t<div class=\"elementor-column elementor-col-33 elementor-top-column elementor-element elementor-element-0cd26d6\" data-id=\"0cd26d6\" data-element_type=\"column\" data-settings=\"{&quot;background_background&quot;:&quot;classic&quot;}\">\n\t\t\t<div class=\"elementor-widget-wrap elementor-element-populated\">\n\t\t\t\t\t\t\t\t<div class=\"elementor-element elementor-element-2d14af1 elementor-widget elementor-widget-image\" data-id=\"2d14af1\" data-element_type=\"widget\" data-widget_type=\"image.default\">\n\t\t\t\t<div class=\"elementor-widget-container\">\n\t\t\t<style>\/*! elementor - v3.10.2 - 29-01-2023 *\/\n.elementor-widget-image{text-align:center}.elementor-widget-image a{display:inline-block}.elementor-widget-image a img[src$=\".svg\"]{width:48px}.elementor-widget-image img{vertical-align:middle;display:inline-block}<\/style>\t\t\t\t\t\t\t\t\t\t\t\t<img decoding=\"async\" width=\"500\" height=\"800\" src=\"https:\/\/workshop.rochesterapps.com\/wp-content\/uploads\/2023\/07\/IMG_7904.jpg\" class=\"attachment-large size-large wp-image-3258\" alt=\"\" loading=\"lazy\" srcset=\"https:\/\/workshop.rochesterapps.com\/wp-content\/uploads\/2023\/07\/IMG_7904.jpg 500w, https:\/\/workshop.rochesterapps.com\/wp-content\/uploads\/2023\/07\/IMG_7904-188x300.jpg 188w\" sizes=\"(max-width: 500px) 100vw, 500px\" \/>\t\t\t\t\t\t\t\t\t\t\t\t\t\t\t<\/div>\n\t\t\t\t<\/div>\n\t\t\t\t<div class=\"elementor-element elementor-element-3f210c8 elementor-widget elementor-widget-qi_addons_for_elementor_section_title\" data-id=\"3f210c8\" data-element_type=\"widget\" data-widget_type=\"qi_addons_for_elementor_section_title.default\">\n\t\t\t\t<div class=\"elementor-widget-container\">\n\t\t\t<div class=\"qodef-shortcode qodef-m  qodef-qi-section-title  qodef-decoration--italic  qodef-link--underline-draw qodef-subtitle-icon--left\">\n\t\t\t\t<h5 class=\"qodef-m-subtitle\">\n\t\tDoctorado en optometr\u00eda y Ort\u00f3ptica, Fundador de ICONIX Learning Center\t\t\t<\/h5>\n\t\t\t<h2 class=\"qodef-m-title\">\n\t\tDoctor Steven J. Ingersoll\t<\/h2>\n\t\t\t<\/div>\n\t\t<\/div>\n\t\t\t\t<\/div>\n\t\t\t\t\t<\/div>\n\t\t<\/div>\n\t\t\t\t<div class=\"elementor-column elementor-col-66 elementor-top-column elementor-element elementor-element-06b153d\" data-id=\"06b153d\" data-element_type=\"column\">\n\t\t\t<div class=\"elementor-widget-wrap elementor-element-populated\">\n\t\t\t\t\t\t\t\t<div class=\"elementor-element elementor-element-e06dfbf elementor-widget elementor-widget-text-editor\" data-id=\"e06dfbf\" data-element_type=\"widget\" data-widget_type=\"text-editor.default\">\n\t\t\t\t<div class=\"elementor-widget-container\">\n\t\t\t<style>\/*! elementor - v3.10.2 - 29-01-2023 *\/\n.elementor-widget-text-editor.elementor-drop-cap-view-stacked .elementor-drop-cap{background-color:#818a91;color:#fff}.elementor-widget-text-editor.elementor-drop-cap-view-framed .elementor-drop-cap{color:#818a91;border:3px solid;background-color:transparent}.elementor-widget-text-editor:not(.elementor-drop-cap-view-default) .elementor-drop-cap{margin-top:8px}.elementor-widget-text-editor:not(.elementor-drop-cap-view-default) .elementor-drop-cap-letter{width:1em;height:1em}.elementor-widget-text-editor .elementor-drop-cap{float:left;text-align:center;line-height:1;font-size:50px}.elementor-widget-text-editor .elementor-drop-cap-letter{display:inline-block}<\/style>\t\t\t\t<p><span style=\"font-weight: 400;\">Nacido el 7 de diciembre de 1953 en Greenville, Michigan, es una destacada figura en el campo de la educaci\u00f3n y la optometr\u00eda. Con una s\u00f3lida formaci\u00f3n acad\u00e9mica, obtuvo su licenciatura en Biolog\u00eda de Alma College en 1976, seguido de un doctorado en Optometr\u00eda de la Facultad de Optometr\u00eda de Ferris State University en 1980. Adem\u00e1s, se certific\u00f3 en Farmacolog\u00eda Cl\u00ednica Diagn\u00f3stica en 1986 y en Farmacolog\u00eda Cl\u00ednica Terap\u00e9utica en 1995.<\/span><\/p><p>\u00a0<\/p><p><span style=\"font-weight: 400;\">Con pasi\u00f3n por la educaci\u00f3n y el bienestar de los estudiantes, Ingersoll ha dejado un impacto significativo en el campo de las necesidades visuales y su relaci\u00f3n con el aprendizaje. Es reconocido por su experiencia en el diagn\u00f3stico y tratamiento de retrasos visuales sutiles que afectan el desarrollo educativo. Como Docente Asistente en la Escuela de Optometr\u00eda de la Universidad de Indiana, ha compartido su conocimiento y experiencia con futuros profesionales.<\/span><\/p><p><span style=\"font-weight: 400;\">Adem\u00e1s de su destacada carrera acad\u00e9mica, Ingersoll ha sido un l\u00edder y defensor de la reforma educativa. Ha fundado varias academias, como Livingston Developmental Academy, Grand Traverse Academy y Bay City Academy, estableciendo programas educativos especializados en diversas escuelas p\u00fablicas. Su enfoque innovador ha sido clave para el desarrollo de programas educativos basados en las necesidades individuales de los estudiantes.<\/span><\/p><p>\u00a0<\/p><p><span style=\"font-weight: 400;\">Como presidente de Smart Schools, Inc., una corporaci\u00f3n dedicada a la reforma educativa, y Excel, Inc., una corporaci\u00f3n que brinda tratamiento cl\u00ednico a ni\u00f1os y adultos con problemas de aprendizaje y atenci\u00f3n, Ingersoll ha dejado una huella duradera en la comunidad educativa. Tambi\u00e9n ha ocupado varios cargos de liderazgo en organizaciones profesionales, incluyendo la Fundaci\u00f3n del Programa de Educaci\u00f3n Optom\u00e9trica y el Colegio de Optometristas en Desarrollo de la Visi\u00f3n.<\/span><\/p><p><span style=\"font-weight: 400;\">Con una amplia experiencia cl\u00ednica y consultor\u00eda en instalaciones de tratamiento en diferentes ubicaciones, Ingersoll ha sido director de atenci\u00f3n al paciente y consultor cl\u00ednico en varias instituciones m\u00e9dicas. Su dedicaci\u00f3n y conocimiento han sido reconocidos a nivel internacional a trav\u00e9s de conferencias y presentaciones en pa\u00edses como Estados Unidos, Francia, Nueva Zelanda y Dinamarca.<\/span><\/p><p>\u00a0<\/p><p><span style=\"font-weight: 400;\">La trayectoria profesional de Steven J. Ingersoll es testimonio de su pasi\u00f3n por la educaci\u00f3n, la optometr\u00eda y la mejora de la vida de los estudiantes. Su liderazgo visionario y sus contribuciones en el campo de la educaci\u00f3n han dejado un legado significativo, impactando positivamente a comunidades educativas en todo el mundo.<\/span><\/p>\t\t\t\t\t\t<\/div>\n\t\t\t\t<\/div>\n\t\t\t\t\t<\/div>\n\t\t<\/div>\n\t\t\t\t\t\t\t<\/div>\n\t\t<\/section>\n\t\t\t\t<section class=\"elementor-section elementor-top-section elementor-element elementor-element-e90cf82 elementor-section-boxed elementor-section-height-default elementor-section-height-default qodef-elementor-content-no\" data-id=\"e90cf82\" data-element_type=\"section\" data-settings=\"{&quot;background_background&quot;:&quot;classic&quot;}\">\n\t\t\t\t\t\t<div class=\"elementor-container elementor-column-gap-default\">\n\t\t\t\t\t<div class=\"elementor-column elementor-col-25 elementor-top-column elementor-element elementor-element-a486034\" data-id=\"a486034\" data-element_type=\"column\">\n\t\t\t<div class=\"elementor-widget-wrap elementor-element-populated\">\n\t\t\t\t\t\t\t\t<div class=\"elementor-element elementor-element-9b52e30 qodef-position--center elementor-widget elementor-widget-qi_addons_for_elementor_product_list\" data-id=\"9b52e30\" data-element_type=\"widget\" data-widget_type=\"qi_addons_for_elementor_product_list.default\">\n\t\t\t\t<div class=\"elementor-widget-container\">\n\t\t\t<div class=\"qodef-shortcode qodef-m  qodef-addons-woo-shortcode qodef-qi-woo-shortcode-product-list qodef-item-layout--info-on-image qodef-image--hover-zoom  qodef-qi-grid qodef-layout--qi-columns  qodef-col-num--1  qodef-item-layout--info-on-image qodef-responsive--predefined\" >\n\t<div class=\"qodef-grid-inner\">\n\t\t<div class=\"qodef-e qodef-grid-item product type-product post-3077 status-publish first instock product_cat-uncategorized has-post-thumbnail shipping-taxable purchasable product-type-simple\">\n\t<div class=\"qodef-e-product-inner\">\n\t\t\t\t\t<div class=\"qodef-e-product-image\">\n\t\t\t\t\t\t\t\t<div class=\"qodef-e-product-image-holder\">\n\t\t\t\t\t<img width=\"500\" height=\"800\" src=\"https:\/\/workshop.rochesterapps.com\/wp-content\/uploads\/2023\/06\/Workshop-01.jpg\" class=\"attachment-full size-full\" alt=\"\" decoding=\"async\" loading=\"lazy\" srcset=\"https:\/\/workshop.rochesterapps.com\/wp-content\/uploads\/2023\/06\/Workshop-01.jpg 500w, https:\/\/workshop.rochesterapps.com\/wp-content\/uploads\/2023\/06\/Workshop-01-188x300.jpg 188w\" sizes=\"(max-width: 500px) 100vw, 500px\" \/>\t\t\t\t<\/div>\n\t\t\t\t<div class=\"qodef-e-product-image-inner qodef-image-content\">\n\t\t\t\t\t<a href=\"https:\/\/workshop.rochesterapps.com\/index.php\/product\/boleta\/\" class=\"woocommerce-LoopProduct-link woocommerce-loop-product__link\"><\/a>\t\t\t\t\t<div class=\"qodef-image-content-inner\">\n\t\t\t\t\t\t\t\t\t\t\t\t<h5 itemprop=\"name\" class=\"qodef-e-product-title qodef-e-title entry-title\">\n\t<a itemprop=\"url\" class=\"qodef-e-product-title-link\" href=\"https:\/\/workshop.rochesterapps.com\/index.php\/product\/boleta\/\">\n\t\tBoleta\t<\/a>\n<\/h5>\n\t\t\t\t\t\t\t\t<div class=\"qodef-woo-product-price price\"><span class=\"woocommerce-Price-amount amount\"><span class=\"woocommerce-Price-currencySymbol\">&#036;<\/span>&nbsp;120.000<\/span><\/div>\n\t\t\t\t\t\t\t\t\t\t\t\t\t<a class=\"qodef-shortcode qodef-m button product_type_simple add_to_cart_button ajax_add_to_cart qodef-qi-button qodef-html--link qodef-layout--filled qodef-type--standard   qodef-icon--right qodef-hover--icon-move-horizontal-short     \" href=\"?add-to-cart=3077\" target=\"_self\" data-product_id=\"3077\"  aria-label=\"A\u00f1ade &ldquo;Boleta&rdquo; a tu carrito\" rel=\"nofollow\" data-quantity=\"1\">\t<span class=\"qodef-m-text\">A\u00f1adir al carrito<\/span>\t<\/a>\t\t\t\t\t\t\t\t\t\t\t<\/div>\n\t\t\t\t<\/div>\n\t\t\t<\/div>\n\t\t\t<\/div>\n<\/div>\n\t<\/div>\n\t<\/div>\n\t\t<\/div>\n\t\t\t\t<\/div>\n\t\t\t\t\t<\/div>\n\t\t<\/div>\n\t\t\t\t<div class=\"elementor-column elementor-col-25 elementor-top-column elementor-element elementor-element-ca6f0ef\" data-id=\"ca6f0ef\" data-element_type=\"column\">\n\t\t\t<div class=\"elementor-widget-wrap elementor-element-populated\">\n\t\t\t\t\t\t\t\t<div class=\"elementor-element elementor-element-2edba23 elementor-widget elementor-widget-qi_addons_for_elementor_banner\" data-id=\"2edba23\" data-element_type=\"widget\" data-widget_type=\"qi_addons_for_elementor_banner.default\">\n\t\t\t\t<div class=\"elementor-widget-container\">\n\t\t\t<div class=\"qodef-shortcode qodef-m  qodef-qi-banner qodef-layout--standard qodef-vertical--bottom qodef-horizontal--left qodef-image--hover-zoom \">\n\t<div class=\"qodef-m-image\">\n\t<img width=\"500\" height=\"800\" src=\"https:\/\/workshop.rochesterapps.com\/wp-content\/uploads\/2023\/07\/IMG_7904.jpg\" class=\"attachment-full size-full\" alt=\"\" decoding=\"async\" loading=\"lazy\" srcset=\"https:\/\/workshop.rochesterapps.com\/wp-content\/uploads\/2023\/07\/IMG_7904.jpg 500w, https:\/\/workshop.rochesterapps.com\/wp-content\/uploads\/2023\/07\/IMG_7904-188x300.jpg 188w\" sizes=\"(max-width: 500px) 100vw, 500px\" \/><\/div>\n\t<div class=\"qodef-m-content\">\n\t\t<div class=\"qodef-m-content-inner\">\n\t\t\t\t<h5 class=\"qodef-m-subtitle\">\n\t\tFundador de ICONIX\t<\/h5>\n\t\t\t\t<h3 class=\"qodef-m-title\">\n\t\tSTEVE INGERSOLL\t<\/h3>\n\t\t\t\t\t\t\t<div class=\"qodef-m-button\">\n\t\t<a class=\"qodef-shortcode qodef-m  qodef-qi-button qodef-html--link qodef-layout--outlined qodef-type--standard   qodef-icon--right qodef-hover--icon-move-horizontal-short     \" href=\"https:\/\/workshop.rochesterapps.com\/index.php\/steve\/\" target=\"_self\">\t<span class=\"qodef-m-text\">Ver perfil<\/span>\t<\/a>\t<\/div>\n\t\t<\/div>\n\t<\/div>\n\t\t<a itemprop=\"url\" href=\"https:\/\/workshop.rochesterapps.com\/index.php\/steve\/\" class=\"qodef-m-banner-link\" target=\"_self\"><\/a>\n<\/div>\n\t\t<\/div>\n\t\t\t\t<\/div>\n\t\t\t\t\t<\/div>\n\t\t<\/div>\n\t\t\t\t<div class=\"elementor-column elementor-col-25 elementor-top-column elementor-element elementor-element-11f9a8f\" data-id=\"11f9a8f\" data-element_type=\"column\">\n\t\t\t<div class=\"elementor-widget-wrap elementor-element-populated\">\n\t\t\t\t\t\t\t\t<div class=\"elementor-element elementor-element-10744fb elementor-widget elementor-widget-qi_addons_for_elementor_banner\" data-id=\"10744fb\" data-element_type=\"widget\" data-widget_type=\"qi_addons_for_elementor_banner.default\">\n\t\t\t\t<div class=\"elementor-widget-container\">\n\t\t\t<div class=\"qodef-shortcode qodef-m  qodef-qi-banner qodef-layout--standard qodef-vertical--bottom qodef-horizontal--left qodef-image--hover-zoom \">\n\t<div class=\"qodef-m-image\">\n\t<img width=\"500\" height=\"800\" src=\"https:\/\/workshop.rochesterapps.com\/wp-content\/uploads\/2023\/06\/JuanPabloAljure-1.jpg\" class=\"attachment-full size-full\" alt=\"\" decoding=\"async\" loading=\"lazy\" srcset=\"https:\/\/workshop.rochesterapps.com\/wp-content\/uploads\/2023\/06\/JuanPabloAljure-1.jpg 500w, https:\/\/workshop.rochesterapps.com\/wp-content\/uploads\/2023\/06\/JuanPabloAljure-1-188x300.jpg 188w\" sizes=\"(max-width: 500px) 100vw, 500px\" \/><\/div>\n\t<div class=\"qodef-m-content\">\n\t\t<div class=\"qodef-m-content-inner\">\n\t\t\t\t<h5 class=\"qodef-m-subtitle\">\n\t\tPresidente del Colegio Rochester\t<\/h5>\n\t\t\t\t<h3 class=\"qodef-m-title\">\n\t\tJuan Pablo ALJURE\t<\/h3>\n\t\t\t\t\t\t\t<div class=\"qodef-m-button\">\n\t\t<a class=\"qodef-shortcode qodef-m  qodef-qi-button qodef-html--link qodef-layout--outlined qodef-type--standard   qodef-icon--right qodef-hover--icon-move-horizontal-short     \" href=\"https:\/\/workshop.rochesterapps.com\/index.php\/juan\/\" target=\"_self\">\t<span class=\"qodef-m-text\">Ver perfil<\/span>\t<\/a>\t<\/div>\n\t\t<\/div>\n\t<\/div>\n\t\t<a itemprop=\"url\" href=\"https:\/\/workshop.rochesterapps.com\/index.php\/juan\/\" class=\"qodef-m-banner-link\" target=\"_self\"><\/a>\n<\/div>\n\t\t<\/div>\n\t\t\t\t<\/div>\n\t\t\t\t\t<\/div>\n\t\t<\/div>\n\t\t\t\t<div class=\"elementor-column elementor-col-25 elementor-top-column elementor-element elementor-element-6673f9c\" data-id=\"6673f9c\" data-element_type=\"column\">\n\t\t\t<div class=\"elementor-widget-wrap elementor-element-populated\">\n\t\t\t\t\t\t\t\t<div class=\"elementor-element elementor-element-7867206 elementor-widget elementor-widget-qi_addons_for_elementor_banner\" data-id=\"7867206\" data-element_type=\"widget\" data-widget_type=\"qi_addons_for_elementor_banner.default\">\n\t\t\t\t<div class=\"elementor-widget-container\">\n\t\t\t<div class=\"qodef-shortcode qodef-m  qodef-qi-banner qodef-layout--standard qodef-vertical--bottom qodef-horizontal--left qodef-image--hover-zoom \">\n\t<div class=\"qodef-m-image\">\n\t<img width=\"500\" height=\"800\" src=\"https:\/\/workshop.rochesterapps.com\/wp-content\/uploads\/2023\/06\/FOT_2766-1.jpg\" class=\"attachment-full size-full\" alt=\"\" decoding=\"async\" loading=\"lazy\" srcset=\"https:\/\/workshop.rochesterapps.com\/wp-content\/uploads\/2023\/06\/FOT_2766-1.jpg 500w, https:\/\/workshop.rochesterapps.com\/wp-content\/uploads\/2023\/06\/FOT_2766-1-188x300.jpg 188w\" sizes=\"(max-width: 500px) 100vw, 500px\" \/><\/div>\n\t<div class=\"qodef-m-content\">\n\t\t<div class=\"qodef-m-content-inner\">\n\t\t\t\t<h5 class=\"qodef-m-subtitle\">\n\t\tDirectora del Centro de Bienestar para Estudiantes Colegio Rochester\t<\/h5>\n\t\t\t\t<h3 class=\"qodef-m-title\">\n\t\tMARIELITA MEDINA\t<\/h3>\n\t\t\t\t\t\t\t<div class=\"qodef-m-button\">\n\t\t<a class=\"qodef-shortcode qodef-m  qodef-qi-button qodef-html--link qodef-layout--outlined qodef-type--standard   qodef-icon--right qodef-hover--icon-move-horizontal-short     \" href=\"https:\/\/workshop.rochesterapps.com\/index.php\/marielita\/\" target=\"_self\">\t<span class=\"qodef-m-text\">Ver perfil<\/span>\t<\/a>\t<\/div>\n\t\t<\/div>\n\t<\/div>\n\t\t<a itemprop=\"url\" href=\"https:\/\/workshop.rochesterapps.com\/index.php\/marielita\/\" class=\"qodef-m-banner-link\" target=\"_self\"><\/a>\n<\/div>\n\t\t<\/div>\n\t\t\t\t<\/div>\n\t\t\t\t\t<\/div>\n\t\t<\/div>\n\t\t\t\t\t\t\t<\/div>\n\t\t<\/section>\n\t\t\t\t\t\t\t<\/div>\n\t\t","protected":false},"excerpt":{"rendered":"<p>Doctorado en optometr\u00eda y Ort\u00f3ptica, Fundador de ICONIX Learning Center Doctor Steven J. Ingersoll Nacido el 7 de diciembre de 1953 en Greenville, Michigan, es una destacada figura en el campo de la educaci\u00f3n y la optometr\u00eda. Con una s\u00f3lida formaci\u00f3n acad\u00e9mica, obtuvo su licenciatura en Biolog\u00eda de Alma College en 1976, seguido de un [&hellip;]<\/p>\n","protected":false},"author":1,"featured_media":0,"parent":0,"menu_order":0,"comment_status":"closed","ping_status":"closed","template":"","meta":{"content-type":""},"_links":{"self":[{"href":"https:\/\/workshop.rochesterapps.com\/index.php\/wp-json\/wp\/v2\/pages\/3089"}],"collection":[{"href":"https:\/\/workshop.rochesterapps.com\/index.php\/wp-json\/wp\/v2\/pages"}],"about":[{"href":"https:\/\/workshop.rochesterapps.com\/index.php\/wp-json\/wp\/v2\/types\/page"}],"author":[{"embeddable":true,"href":"https:\/\/workshop.rochesterapps.com\/index.php\/wp-json\/wp\/v2\/users\/1"}],"replies":[{"embeddable":true,"href":"https:\/\/workshop.rochesterapps.com\/index.php\/wp-json\/wp\/v2\/comments?post=3089"}],"version-history":[{"count":25,"href":"https:\/\/workshop.rochesterapps.com\/index.php\/wp-json\/wp\/v2\/pages\/3089\/revisions"}],"predecessor-version":[{"id":3270,"href":"https:\/\/workshop.rochesterapps.com\/index.php\/wp-json\/wp\/v2\/pages\/3089\/revisions\/3270"}],"wp:attachment":[{"href":"https:\/\/workshop.rochesterapps.com\/index.php\/wp-json\/wp\/v2\/media?parent=3089"}],"curies":[{"name":"wp","href":"https:\/\/api.w.org\/{rel}","templated":true}]}}