{"id":3119,"date":"2023-06-15T17:39:29","date_gmt":"2023-06-15T17:39:29","guid":{"rendered":"https:\/\/workshop.rochesterapps.com\/?page_id=3119"},"modified":"2023-07-26T00:48:14","modified_gmt":"2023-07-26T00:48:14","slug":"juan","status":"publish","type":"page","link":"https:\/\/workshop.rochesterapps.com\/index.php\/juan\/","title":{"rendered":"JUAN"},"content":{"rendered":"\t\t<div data-elementor-type=\"wp-page\" data-elementor-id=\"3119\" class=\"elementor elementor-3119\">\n\t\t\t\t\t\t\t\t\t<section class=\"elementor-section elementor-top-section elementor-element elementor-element-45511aaf elementor-section-boxed elementor-section-height-default elementor-section-height-default qodef-elementor-content-no\" data-id=\"45511aaf\" data-element_type=\"section\">\n\t\t\t\t\t\t<div class=\"elementor-container elementor-column-gap-default\">\n\t\t\t\t\t<div class=\"elementor-column elementor-col-33 elementor-top-column elementor-element elementor-element-548b194b\" data-id=\"548b194b\" data-element_type=\"column\" data-settings=\"{&quot;background_background&quot;:&quot;classic&quot;}\">\n\t\t\t<div class=\"elementor-widget-wrap elementor-element-populated\">\n\t\t\t\t\t\t\t\t<div class=\"elementor-element elementor-element-16158681 elementor-widget elementor-widget-image\" data-id=\"16158681\" data-element_type=\"widget\" data-widget_type=\"image.default\">\n\t\t\t\t<div class=\"elementor-widget-container\">\n\t\t\t<style>\/*! elementor - v3.10.2 - 29-01-2023 *\/\n.elementor-widget-image{text-align:center}.elementor-widget-image a{display:inline-block}.elementor-widget-image a img[src$=\".svg\"]{width:48px}.elementor-widget-image img{vertical-align:middle;display:inline-block}<\/style>\t\t\t\t\t\t\t\t\t\t\t\t<img decoding=\"async\" width=\"500\" height=\"800\" src=\"https:\/\/workshop.rochesterapps.com\/wp-content\/uploads\/2023\/06\/JuanPabloAljure-1.jpg\" class=\"attachment-large size-large wp-image-3066\" alt=\"\" loading=\"lazy\" srcset=\"https:\/\/workshop.rochesterapps.com\/wp-content\/uploads\/2023\/06\/JuanPabloAljure-1.jpg 500w, https:\/\/workshop.rochesterapps.com\/wp-content\/uploads\/2023\/06\/JuanPabloAljure-1-188x300.jpg 188w\" sizes=\"(max-width: 500px) 100vw, 500px\" \/>\t\t\t\t\t\t\t\t\t\t\t\t\t\t\t<\/div>\n\t\t\t\t<\/div>\n\t\t\t\t<div class=\"elementor-element elementor-element-5de92f85 elementor-widget elementor-widget-qi_addons_for_elementor_section_title\" data-id=\"5de92f85\" data-element_type=\"widget\" data-widget_type=\"qi_addons_for_elementor_section_title.default\">\n\t\t\t\t<div class=\"elementor-widget-container\">\n\t\t\t<div class=\"qodef-shortcode qodef-m  qodef-qi-section-title  qodef-decoration--italic  qodef-link--underline-draw qodef-subtitle-icon--left\">\n\t\t\t\t<h5 class=\"qodef-m-subtitle\">\n\t\tPresidente del Colegio Rochester\t\t\t<\/h5>\n\t\t\t<h2 class=\"qodef-m-title\">\n\t\tJuan Pablo Aljure\t<\/h2>\n\t\t\t<\/div>\n\t\t<\/div>\n\t\t\t\t<\/div>\n\t\t\t\t\t<\/div>\n\t\t<\/div>\n\t\t\t\t<div class=\"elementor-column elementor-col-66 elementor-top-column elementor-element elementor-element-18dc6062\" data-id=\"18dc6062\" data-element_type=\"column\">\n\t\t\t<div class=\"elementor-widget-wrap elementor-element-populated\">\n\t\t\t\t\t\t\t\t<div class=\"elementor-element elementor-element-6fa5bda1 elementor-widget elementor-widget-text-editor\" data-id=\"6fa5bda1\" data-element_type=\"widget\" data-widget_type=\"text-editor.default\">\n\t\t\t\t<div class=\"elementor-widget-container\">\n\t\t\t<style>\/*! elementor - v3.10.2 - 29-01-2023 *\/\n.elementor-widget-text-editor.elementor-drop-cap-view-stacked .elementor-drop-cap{background-color:#818a91;color:#fff}.elementor-widget-text-editor.elementor-drop-cap-view-framed .elementor-drop-cap{color:#818a91;border:3px solid;background-color:transparent}.elementor-widget-text-editor:not(.elementor-drop-cap-view-default) .elementor-drop-cap{margin-top:8px}.elementor-widget-text-editor:not(.elementor-drop-cap-view-default) .elementor-drop-cap-letter{width:1em;height:1em}.elementor-widget-text-editor .elementor-drop-cap{float:left;text-align:center;line-height:1;font-size:50px}.elementor-widget-text-editor .elementor-drop-cap-letter{display:inline-block}<\/style>\t\t\t\t<p>Juan Pablo se destaca como una persona altamente calificada y experimentada en el campo de la educaci\u00f3n y la ingenier\u00eda, con un enfoque particular en Teor\u00eda de la Elecci\u00f3n, Direcci\u00f3n por Liderazgo, Colegios de Calidad Glasser y ambientes sostenibles.<\/p><p>\u00a0<\/p><p>Especializado en Aprendizaje Visual Integrado (Integrated Visual Learning &#8211; IVL).\u00a0<\/p><p>\u00a0<\/p><p>Su trayectoria acad\u00e9mica y experiencia demuestran su compromiso con la excelencia educativa y el desarrollo de habilidades para el Siglo XXI.\u00a0 Adicionalmente, su experiencia como instructor, rector, director y presidente del Colegio Rochester refuerza su capacidad para gestionar y liderar proyectos educativos de manera global. Juan Pablo tambi\u00e9n ha contribuido al conocimiento en su campo a trav\u00e9s de sus publicaciones y su participaci\u00f3n en conferencias internacionales.<\/p><p>\u00a0<\/p><p>Su dominio del espa\u00f1ol e ingl\u00e9s lo posiciona como un comunicador efectivo en ambas lenguas, lo cual es una ventaja significativa en entornos\u00a0 multiculturales y educativos diversificados.<\/p>\t\t\t\t\t\t<\/div>\n\t\t\t\t<\/div>\n\t\t\t\t\t<\/div>\n\t\t<\/div>\n\t\t\t\t\t\t\t<\/div>\n\t\t<\/section>\n\t\t\t\t<section class=\"elementor-section elementor-top-section elementor-element elementor-element-24294e2c elementor-section-boxed elementor-section-height-default elementor-section-height-default qodef-elementor-content-no\" data-id=\"24294e2c\" data-element_type=\"section\" data-settings=\"{&quot;background_background&quot;:&quot;classic&quot;}\">\n\t\t\t\t\t\t<div class=\"elementor-container elementor-column-gap-default\">\n\t\t\t\t\t<div class=\"elementor-column elementor-col-25 elementor-top-column elementor-element elementor-element-17a523eb\" data-id=\"17a523eb\" data-element_type=\"column\">\n\t\t\t<div class=\"elementor-widget-wrap elementor-element-populated\">\n\t\t\t\t\t\t\t\t<div class=\"elementor-element elementor-element-6a4991dd qodef-position--center elementor-widget elementor-widget-qi_addons_for_elementor_product_list\" data-id=\"6a4991dd\" data-element_type=\"widget\" data-widget_type=\"qi_addons_for_elementor_product_list.default\">\n\t\t\t\t<div class=\"elementor-widget-container\">\n\t\t\t<div class=\"qodef-shortcode qodef-m  qodef-addons-woo-shortcode qodef-qi-woo-shortcode-product-list qodef-item-layout--info-on-image qodef-image--hover-zoom  qodef-qi-grid qodef-layout--qi-columns  qodef-col-num--1  qodef-item-layout--info-on-image qodef-responsive--predefined\" >\n\t<div class=\"qodef-grid-inner\">\n\t\t<div class=\"qodef-e qodef-grid-item product type-product post-3077 status-publish first instock product_cat-uncategorized has-post-thumbnail shipping-taxable purchasable product-type-simple\">\n\t<div class=\"qodef-e-product-inner\">\n\t\t\t\t\t<div class=\"qodef-e-product-image\">\n\t\t\t\t\t\t\t\t<div class=\"qodef-e-product-image-holder\">\n\t\t\t\t\t<img width=\"500\" height=\"800\" src=\"https:\/\/workshop.rochesterapps.com\/wp-content\/uploads\/2023\/06\/Workshop-01.jpg\" class=\"attachment-full size-full\" alt=\"\" decoding=\"async\" loading=\"lazy\" srcset=\"https:\/\/workshop.rochesterapps.com\/wp-content\/uploads\/2023\/06\/Workshop-01.jpg 500w, https:\/\/workshop.rochesterapps.com\/wp-content\/uploads\/2023\/06\/Workshop-01-188x300.jpg 188w\" sizes=\"(max-width: 500px) 100vw, 500px\" \/>\t\t\t\t<\/div>\n\t\t\t\t<div class=\"qodef-e-product-image-inner qodef-image-content\">\n\t\t\t\t\t<a href=\"https:\/\/workshop.rochesterapps.com\/index.php\/product\/boleta\/\" class=\"woocommerce-LoopProduct-link woocommerce-loop-product__link\"><\/a>\t\t\t\t\t<div class=\"qodef-image-content-inner\">\n\t\t\t\t\t\t\t\t\t\t\t\t<h5 itemprop=\"name\" class=\"qodef-e-product-title qodef-e-title entry-title\">\n\t<a itemprop=\"url\" class=\"qodef-e-product-title-link\" href=\"https:\/\/workshop.rochesterapps.com\/index.php\/product\/boleta\/\">\n\t\tBoleta\t<\/a>\n<\/h5>\n\t\t\t\t\t\t\t\t<div class=\"qodef-woo-product-price price\"><span class=\"woocommerce-Price-amount amount\"><span class=\"woocommerce-Price-currencySymbol\">&#036;<\/span>&nbsp;120.000<\/span><\/div>\n\t\t\t\t\t\t\t\t\t\t\t\t\t<a class=\"qodef-shortcode qodef-m button product_type_simple add_to_cart_button ajax_add_to_cart qodef-qi-button qodef-html--link qodef-layout--filled qodef-type--standard   qodef-icon--right qodef-hover--icon-move-horizontal-short     \" href=\"?add-to-cart=3077\" target=\"_self\" data-product_id=\"3077\"  aria-label=\"A\u00f1ade &ldquo;Boleta&rdquo; a tu carrito\" rel=\"nofollow\" data-quantity=\"1\">\t<span class=\"qodef-m-text\">A\u00f1adir al carrito<\/span>\t<\/a>\t\t\t\t\t\t\t\t\t\t\t<\/div>\n\t\t\t\t<\/div>\n\t\t\t<\/div>\n\t\t\t<\/div>\n<\/div>\n\t<\/div>\n\t<\/div>\n\t\t<\/div>\n\t\t\t\t<\/div>\n\t\t\t\t\t<\/div>\n\t\t<\/div>\n\t\t\t\t<div class=\"elementor-column elementor-col-25 elementor-top-column elementor-element elementor-element-4d8686fd\" data-id=\"4d8686fd\" data-element_type=\"column\">\n\t\t\t<div class=\"elementor-widget-wrap elementor-element-populated\">\n\t\t\t\t\t\t\t\t<div class=\"elementor-element elementor-element-409e9081 elementor-widget elementor-widget-qi_addons_for_elementor_banner\" data-id=\"409e9081\" data-element_type=\"widget\" data-widget_type=\"qi_addons_for_elementor_banner.default\">\n\t\t\t\t<div class=\"elementor-widget-container\">\n\t\t\t<div class=\"qodef-shortcode qodef-m  qodef-qi-banner qodef-layout--standard qodef-vertical--bottom qodef-horizontal--left qodef-image--hover-zoom \">\n\t<div class=\"qodef-m-image\">\n\t<img width=\"500\" height=\"800\" src=\"https:\/\/workshop.rochesterapps.com\/wp-content\/uploads\/2023\/07\/IMG_7904.jpg\" class=\"attachment-full size-full\" alt=\"\" decoding=\"async\" loading=\"lazy\" srcset=\"https:\/\/workshop.rochesterapps.com\/wp-content\/uploads\/2023\/07\/IMG_7904.jpg 500w, https:\/\/workshop.rochesterapps.com\/wp-content\/uploads\/2023\/07\/IMG_7904-188x300.jpg 188w\" sizes=\"(max-width: 500px) 100vw, 500px\" \/><\/div>\n\t<div class=\"qodef-m-content\">\n\t\t<div class=\"qodef-m-content-inner\">\n\t\t\t\t<h5 class=\"qodef-m-subtitle\">\n\t\tFundador de ICONIX\t<\/h5>\n\t\t\t\t<h3 class=\"qodef-m-title\">\n\t\tSTEVE INGERSOLL\t<\/h3>\n\t\t\t\t\t\t\t<div class=\"qodef-m-button\">\n\t\t<a class=\"qodef-shortcode qodef-m  qodef-qi-button qodef-html--link qodef-layout--outlined qodef-type--standard   qodef-icon--right qodef-hover--icon-move-horizontal-short     \" href=\"https:\/\/workshop.rochesterapps.com\/index.php\/steve\/\" target=\"_self\">\t<span class=\"qodef-m-text\">Ver perfil<\/span>\t<\/a>\t<\/div>\n\t\t<\/div>\n\t<\/div>\n\t\t<a itemprop=\"url\" href=\"https:\/\/workshop.rochesterapps.com\/index.php\/steve\/\" class=\"qodef-m-banner-link\" target=\"_self\"><\/a>\n<\/div>\n\t\t<\/div>\n\t\t\t\t<\/div>\n\t\t\t\t\t<\/div>\n\t\t<\/div>\n\t\t\t\t<div class=\"elementor-column elementor-col-25 elementor-top-column elementor-element elementor-element-2dfaebbe\" data-id=\"2dfaebbe\" data-element_type=\"column\">\n\t\t\t<div class=\"elementor-widget-wrap elementor-element-populated\">\n\t\t\t\t\t\t\t\t<div class=\"elementor-element elementor-element-6bc77969 elementor-widget elementor-widget-qi_addons_for_elementor_banner\" data-id=\"6bc77969\" data-element_type=\"widget\" data-widget_type=\"qi_addons_for_elementor_banner.default\">\n\t\t\t\t<div class=\"elementor-widget-container\">\n\t\t\t<div class=\"qodef-shortcode qodef-m  qodef-qi-banner qodef-layout--standard qodef-vertical--bottom qodef-horizontal--left qodef-image--hover-zoom \">\n\t<div class=\"qodef-m-image\">\n\t<img width=\"500\" height=\"800\" src=\"https:\/\/workshop.rochesterapps.com\/wp-content\/uploads\/2023\/06\/JuanPabloAljure-1.jpg\" class=\"attachment-full size-full\" alt=\"\" decoding=\"async\" loading=\"lazy\" srcset=\"https:\/\/workshop.rochesterapps.com\/wp-content\/uploads\/2023\/06\/JuanPabloAljure-1.jpg 500w, https:\/\/workshop.rochesterapps.com\/wp-content\/uploads\/2023\/06\/JuanPabloAljure-1-188x300.jpg 188w\" sizes=\"(max-width: 500px) 100vw, 500px\" \/><\/div>\n\t<div class=\"qodef-m-content\">\n\t\t<div class=\"qodef-m-content-inner\">\n\t\t\t\t<h5 class=\"qodef-m-subtitle\">\n\t\tPresidente del Colegio Rochester\t<\/h5>\n\t\t\t\t<h3 class=\"qodef-m-title\">\n\t\tJuan Pablo ALJURE\t<\/h3>\n\t\t\t\t\t\t\t<div class=\"qodef-m-button\">\n\t\t<a class=\"qodef-shortcode qodef-m  qodef-qi-button qodef-html--link qodef-layout--outlined qodef-type--standard   qodef-icon--right qodef-hover--icon-move-horizontal-short     \" href=\"https:\/\/workshop.rochesterapps.com\/index.php\/juan\/\" target=\"_self\">\t<span class=\"qodef-m-text\">Ver perfil<\/span>\t<\/a>\t<\/div>\n\t\t<\/div>\n\t<\/div>\n\t\t<a itemprop=\"url\" href=\"https:\/\/workshop.rochesterapps.com\/index.php\/juan\/\" class=\"qodef-m-banner-link\" target=\"_self\"><\/a>\n<\/div>\n\t\t<\/div>\n\t\t\t\t<\/div>\n\t\t\t\t\t<\/div>\n\t\t<\/div>\n\t\t\t\t<div class=\"elementor-column elementor-col-25 elementor-top-column elementor-element elementor-element-e92a99f\" data-id=\"e92a99f\" data-element_type=\"column\">\n\t\t\t<div class=\"elementor-widget-wrap elementor-element-populated\">\n\t\t\t\t\t\t\t\t<div class=\"elementor-element elementor-element-52c84edb elementor-widget elementor-widget-qi_addons_for_elementor_banner\" data-id=\"52c84edb\" data-element_type=\"widget\" data-widget_type=\"qi_addons_for_elementor_banner.default\">\n\t\t\t\t<div class=\"elementor-widget-container\">\n\t\t\t<div class=\"qodef-shortcode qodef-m  qodef-qi-banner qodef-layout--standard qodef-vertical--bottom qodef-horizontal--left qodef-image--hover-zoom \">\n\t<div class=\"qodef-m-image\">\n\t<img width=\"500\" height=\"800\" src=\"https:\/\/workshop.rochesterapps.com\/wp-content\/uploads\/2023\/06\/FOT_2766-1.jpg\" class=\"attachment-full size-full\" alt=\"\" decoding=\"async\" loading=\"lazy\" srcset=\"https:\/\/workshop.rochesterapps.com\/wp-content\/uploads\/2023\/06\/FOT_2766-1.jpg 500w, https:\/\/workshop.rochesterapps.com\/wp-content\/uploads\/2023\/06\/FOT_2766-1-188x300.jpg 188w\" sizes=\"(max-width: 500px) 100vw, 500px\" \/><\/div>\n\t<div class=\"qodef-m-content\">\n\t\t<div class=\"qodef-m-content-inner\">\n\t\t\t\t<h5 class=\"qodef-m-subtitle\">\n\t\tDirectora del Centro de Bienestar para Estudiantes Colegio Rochester\t<\/h5>\n\t\t\t\t<h3 class=\"qodef-m-title\">\n\t\tMARIELITA MEDINA\t<\/h3>\n\t\t\t\t\t\t\t<div class=\"qodef-m-button\">\n\t\t<a class=\"qodef-shortcode qodef-m  qodef-qi-button qodef-html--link qodef-layout--outlined qodef-type--standard   qodef-icon--right qodef-hover--icon-move-horizontal-short     \" href=\"https:\/\/workshop.rochesterapps.com\/index.php\/marielita\/\" target=\"_self\">\t<span class=\"qodef-m-text\">Ver perfil<\/span>\t<\/a>\t<\/div>\n\t\t<\/div>\n\t<\/div>\n\t\t<a itemprop=\"url\" href=\"https:\/\/workshop.rochesterapps.com\/index.php\/marielita\/\" class=\"qodef-m-banner-link\" target=\"_self\"><\/a>\n<\/div>\n\t\t<\/div>\n\t\t\t\t<\/div>\n\t\t\t\t\t<\/div>\n\t\t<\/div>\n\t\t\t\t\t\t\t<\/div>\n\t\t<\/section>\n\t\t\t\t\t\t\t<\/div>\n\t\t","protected":false},"excerpt":{"rendered":"<p>Presidente del Colegio Rochester Juan Pablo Aljure Juan Pablo se destaca como una persona altamente calificada y experimentada en el campo de la educaci\u00f3n y la ingenier\u00eda, con un enfoque particular en Teor\u00eda de la Elecci\u00f3n, Direcci\u00f3n por Liderazgo, Colegios de Calidad Glasser y ambientes sostenibles. \u00a0 Especializado en Aprendizaje Visual Integrado (Integrated Visual Learning [&hellip;]<\/p>\n","protected":false},"author":1,"featured_media":0,"parent":0,"menu_order":0,"comment_status":"closed","ping_status":"closed","template":"","meta":{"content-type":""},"_links":{"self":[{"href":"https:\/\/workshop.rochesterapps.com\/index.php\/wp-json\/wp\/v2\/pages\/3119"}],"collection":[{"href":"https:\/\/workshop.rochesterapps.com\/index.php\/wp-json\/wp\/v2\/pages"}],"about":[{"href":"https:\/\/workshop.rochesterapps.com\/index.php\/wp-json\/wp\/v2\/types\/page"}],"author":[{"embeddable":true,"href":"https:\/\/workshop.rochesterapps.com\/index.php\/wp-json\/wp\/v2\/users\/1"}],"replies":[{"embeddable":true,"href":"https:\/\/workshop.rochesterapps.com\/index.php\/wp-json\/wp\/v2\/comments?post=3119"}],"version-history":[{"count":19,"href":"https:\/\/workshop.rochesterapps.com\/index.php\/wp-json\/wp\/v2\/pages\/3119\/revisions"}],"predecessor-version":[{"id":3264,"href":"https:\/\/workshop.rochesterapps.com\/index.php\/wp-json\/wp\/v2\/pages\/3119\/revisions\/3264"}],"wp:attachment":[{"href":"https:\/\/workshop.rochesterapps.com\/index.php\/wp-json\/wp\/v2\/media?parent=3119"}],"curies":[{"name":"wp","href":"https:\/\/api.w.org\/{rel}","templated":true}]}}