{"id":3128,"date":"2023-06-15T17:41:47","date_gmt":"2023-06-15T17:41:47","guid":{"rendered":"https:\/\/workshop.rochesterapps.com\/?page_id=3128"},"modified":"2023-07-26T00:48:29","modified_gmt":"2023-07-26T00:48:29","slug":"marielita","status":"publish","type":"page","link":"https:\/\/workshop.rochesterapps.com\/index.php\/marielita\/","title":{"rendered":"MARIELITA"},"content":{"rendered":"\t\t<div data-elementor-type=\"wp-page\" data-elementor-id=\"3128\" class=\"elementor elementor-3128\">\n\t\t\t\t\t\t\t\t\t<section class=\"elementor-section elementor-top-section elementor-element elementor-element-6e360c4f elementor-section-boxed elementor-section-height-default elementor-section-height-default qodef-elementor-content-no\" data-id=\"6e360c4f\" data-element_type=\"section\">\n\t\t\t\t\t\t<div class=\"elementor-container elementor-column-gap-default\">\n\t\t\t\t\t<div class=\"elementor-column elementor-col-33 elementor-top-column elementor-element elementor-element-306d386e\" data-id=\"306d386e\" data-element_type=\"column\" data-settings=\"{&quot;background_background&quot;:&quot;classic&quot;}\">\n\t\t\t<div class=\"elementor-widget-wrap elementor-element-populated\">\n\t\t\t\t\t\t\t\t<div class=\"elementor-element elementor-element-6d345e6a elementor-widget elementor-widget-image\" data-id=\"6d345e6a\" data-element_type=\"widget\" data-widget_type=\"image.default\">\n\t\t\t\t<div class=\"elementor-widget-container\">\n\t\t\t<style>\/*! elementor - v3.10.2 - 29-01-2023 *\/\n.elementor-widget-image{text-align:center}.elementor-widget-image a{display:inline-block}.elementor-widget-image a img[src$=\".svg\"]{width:48px}.elementor-widget-image img{vertical-align:middle;display:inline-block}<\/style>\t\t\t\t\t\t\t\t\t\t\t\t<img decoding=\"async\" width=\"500\" height=\"800\" src=\"https:\/\/workshop.rochesterapps.com\/wp-content\/uploads\/2023\/06\/FOT_2766-1.jpg\" class=\"attachment-large size-large wp-image-3065\" alt=\"\" loading=\"lazy\" srcset=\"https:\/\/workshop.rochesterapps.com\/wp-content\/uploads\/2023\/06\/FOT_2766-1.jpg 500w, https:\/\/workshop.rochesterapps.com\/wp-content\/uploads\/2023\/06\/FOT_2766-1-188x300.jpg 188w\" sizes=\"(max-width: 500px) 100vw, 500px\" \/>\t\t\t\t\t\t\t\t\t\t\t\t\t\t\t<\/div>\n\t\t\t\t<\/div>\n\t\t\t\t<div class=\"elementor-element elementor-element-66ef683e elementor-widget elementor-widget-qi_addons_for_elementor_section_title\" data-id=\"66ef683e\" data-element_type=\"widget\" data-widget_type=\"qi_addons_for_elementor_section_title.default\">\n\t\t\t\t<div class=\"elementor-widget-container\">\n\t\t\t<div class=\"qodef-shortcode qodef-m  qodef-qi-section-title  qodef-decoration--italic  qodef-link--underline-draw qodef-subtitle-icon--left\">\n\t\t\t\t<h5 class=\"qodef-m-subtitle\">\n\t\tDirectora del Centro de Bienestar para Estudiantes Colegio Rochester\t\t\t<\/h5>\n\t\t\t<h2 class=\"qodef-m-title\">\n\t\tMarielita Medina\t<\/h2>\n\t\t\t<\/div>\n\t\t<\/div>\n\t\t\t\t<\/div>\n\t\t\t\t\t<\/div>\n\t\t<\/div>\n\t\t\t\t<div class=\"elementor-column elementor-col-66 elementor-top-column elementor-element elementor-element-8f6299d\" data-id=\"8f6299d\" data-element_type=\"column\">\n\t\t\t<div class=\"elementor-widget-wrap elementor-element-populated\">\n\t\t\t\t\t\t\t\t<div class=\"elementor-element elementor-element-1bdaf0c5 elementor-widget elementor-widget-text-editor\" data-id=\"1bdaf0c5\" data-element_type=\"widget\" data-widget_type=\"text-editor.default\">\n\t\t\t\t<div class=\"elementor-widget-container\">\n\t\t\t<style>\/*! elementor - v3.10.2 - 29-01-2023 *\/\n.elementor-widget-text-editor.elementor-drop-cap-view-stacked .elementor-drop-cap{background-color:#818a91;color:#fff}.elementor-widget-text-editor.elementor-drop-cap-view-framed .elementor-drop-cap{color:#818a91;border:3px solid;background-color:transparent}.elementor-widget-text-editor:not(.elementor-drop-cap-view-default) .elementor-drop-cap{margin-top:8px}.elementor-widget-text-editor:not(.elementor-drop-cap-view-default) .elementor-drop-cap-letter{width:1em;height:1em}.elementor-widget-text-editor .elementor-drop-cap{float:left;text-align:center;line-height:1;font-size:50px}.elementor-widget-text-editor .elementor-drop-cap-letter{display:inline-block}<\/style>\t\t\t\t<p>Psic\u00f3loga Javeriana con experiencia de 40 a\u00f1os en Educaci\u00f3n. 27 a\u00f1os en el Colegio Rochester como docente de Ingl\u00e9s y Matem\u00e1ticas en Preescolar, y Franc\u00e9s en bachillerato, y 13 a\u00f1os como directora del Centro de Bienestar a estudiantes.<\/p><p>\u00a0<\/p><p>Gracias al conocimiento adquirido con el Dr. Steve Ingersoll, junto con Martha Cristina Cort\u00e9s, terapeuta ocupacional, cre\u00f3 un curr\u00edculo de un \u00e1rea transversal llamada Aprendizaje Visual Integrado para Preescolar y Transici\u00f3n, en el cual se trabaja para el desarrollo de habilidades motoras, sensoriales (visuales y auditivas) y cognitivas, teniendo en cuenta la etapa de desarrollo de los ni\u00f1os.<\/p><p>\u00a0<\/p><p>Actualmente, como directora del Centro de Bienestar, trabaja por la salud integral; f\u00edsica, espiritual y emocional de nuestros estudiantes.<\/p>\t\t\t\t\t\t<\/div>\n\t\t\t\t<\/div>\n\t\t\t\t\t<\/div>\n\t\t<\/div>\n\t\t\t\t\t\t\t<\/div>\n\t\t<\/section>\n\t\t\t\t<section class=\"elementor-section elementor-top-section elementor-element elementor-element-31c932e3 elementor-section-boxed elementor-section-height-default elementor-section-height-default qodef-elementor-content-no\" data-id=\"31c932e3\" data-element_type=\"section\" data-settings=\"{&quot;background_background&quot;:&quot;classic&quot;}\">\n\t\t\t\t\t\t<div class=\"elementor-container elementor-column-gap-default\">\n\t\t\t\t\t<div class=\"elementor-column elementor-col-25 elementor-top-column elementor-element elementor-element-7e58e46\" data-id=\"7e58e46\" data-element_type=\"column\">\n\t\t\t<div class=\"elementor-widget-wrap elementor-element-populated\">\n\t\t\t\t\t\t\t\t<div class=\"elementor-element elementor-element-5dde5df qodef-position--center elementor-widget elementor-widget-qi_addons_for_elementor_product_list\" data-id=\"5dde5df\" data-element_type=\"widget\" data-widget_type=\"qi_addons_for_elementor_product_list.default\">\n\t\t\t\t<div class=\"elementor-widget-container\">\n\t\t\t<div class=\"qodef-shortcode qodef-m  qodef-addons-woo-shortcode qodef-qi-woo-shortcode-product-list qodef-item-layout--info-on-image qodef-image--hover-zoom  qodef-qi-grid qodef-layout--qi-columns  qodef-col-num--1  qodef-item-layout--info-on-image qodef-responsive--predefined\" >\n\t<div class=\"qodef-grid-inner\">\n\t\t<div class=\"qodef-e qodef-grid-item product type-product post-3077 status-publish first instock product_cat-uncategorized has-post-thumbnail shipping-taxable purchasable product-type-simple\">\n\t<div class=\"qodef-e-product-inner\">\n\t\t\t\t\t<div class=\"qodef-e-product-image\">\n\t\t\t\t\t\t\t\t<div class=\"qodef-e-product-image-holder\">\n\t\t\t\t\t<img width=\"500\" height=\"800\" src=\"https:\/\/workshop.rochesterapps.com\/wp-content\/uploads\/2023\/06\/Workshop-01.jpg\" class=\"attachment-full size-full\" alt=\"\" decoding=\"async\" loading=\"lazy\" srcset=\"https:\/\/workshop.rochesterapps.com\/wp-content\/uploads\/2023\/06\/Workshop-01.jpg 500w, https:\/\/workshop.rochesterapps.com\/wp-content\/uploads\/2023\/06\/Workshop-01-188x300.jpg 188w\" sizes=\"(max-width: 500px) 100vw, 500px\" \/>\t\t\t\t<\/div>\n\t\t\t\t<div class=\"qodef-e-product-image-inner qodef-image-content\">\n\t\t\t\t\t<a href=\"https:\/\/workshop.rochesterapps.com\/index.php\/product\/boleta\/\" class=\"woocommerce-LoopProduct-link woocommerce-loop-product__link\"><\/a>\t\t\t\t\t<div class=\"qodef-image-content-inner\">\n\t\t\t\t\t\t\t\t\t\t\t\t<h5 itemprop=\"name\" class=\"qodef-e-product-title qodef-e-title entry-title\">\n\t<a itemprop=\"url\" class=\"qodef-e-product-title-link\" href=\"https:\/\/workshop.rochesterapps.com\/index.php\/product\/boleta\/\">\n\t\tBoleta\t<\/a>\n<\/h5>\n\t\t\t\t\t\t\t\t<div class=\"qodef-woo-product-price price\"><span class=\"woocommerce-Price-amount amount\"><span class=\"woocommerce-Price-currencySymbol\">&#036;<\/span>&nbsp;120.000<\/span><\/div>\n\t\t\t\t\t\t\t\t\t\t\t\t\t<a class=\"qodef-shortcode qodef-m button product_type_simple add_to_cart_button ajax_add_to_cart qodef-qi-button qodef-html--link qodef-layout--filled qodef-type--standard   qodef-icon--right qodef-hover--icon-move-horizontal-short     \" href=\"?add-to-cart=3077\" target=\"_self\" data-product_id=\"3077\"  aria-label=\"A\u00f1ade &ldquo;Boleta&rdquo; a tu carrito\" rel=\"nofollow\" data-quantity=\"1\">\t<span class=\"qodef-m-text\">A\u00f1adir al carrito<\/span>\t<\/a>\t\t\t\t\t\t\t\t\t\t\t<\/div>\n\t\t\t\t<\/div>\n\t\t\t<\/div>\n\t\t\t<\/div>\n<\/div>\n\t<\/div>\n\t<\/div>\n\t\t<\/div>\n\t\t\t\t<\/div>\n\t\t\t\t\t<\/div>\n\t\t<\/div>\n\t\t\t\t<div class=\"elementor-column elementor-col-25 elementor-top-column elementor-element elementor-element-3d5ab911\" data-id=\"3d5ab911\" data-element_type=\"column\">\n\t\t\t<div class=\"elementor-widget-wrap elementor-element-populated\">\n\t\t\t\t\t\t\t\t<div class=\"elementor-element elementor-element-615ec005 elementor-widget elementor-widget-qi_addons_for_elementor_banner\" data-id=\"615ec005\" data-element_type=\"widget\" data-widget_type=\"qi_addons_for_elementor_banner.default\">\n\t\t\t\t<div class=\"elementor-widget-container\">\n\t\t\t<div class=\"qodef-shortcode qodef-m  qodef-qi-banner qodef-layout--standard qodef-vertical--bottom qodef-horizontal--left qodef-image--hover-zoom \">\n\t<div class=\"qodef-m-image\">\n\t<img width=\"500\" height=\"800\" src=\"https:\/\/workshop.rochesterapps.com\/wp-content\/uploads\/2023\/07\/IMG_7904.jpg\" class=\"attachment-full size-full\" alt=\"\" decoding=\"async\" loading=\"lazy\" srcset=\"https:\/\/workshop.rochesterapps.com\/wp-content\/uploads\/2023\/07\/IMG_7904.jpg 500w, https:\/\/workshop.rochesterapps.com\/wp-content\/uploads\/2023\/07\/IMG_7904-188x300.jpg 188w\" sizes=\"(max-width: 500px) 100vw, 500px\" \/><\/div>\n\t<div class=\"qodef-m-content\">\n\t\t<div class=\"qodef-m-content-inner\">\n\t\t\t\t<h5 class=\"qodef-m-subtitle\">\n\t\tFundador de ICONIX\t<\/h5>\n\t\t\t\t<h3 class=\"qodef-m-title\">\n\t\tSTEVE INGERSOLL\t<\/h3>\n\t\t\t\t\t\t\t<div class=\"qodef-m-button\">\n\t\t<a class=\"qodef-shortcode qodef-m  qodef-qi-button qodef-html--link qodef-layout--outlined qodef-type--standard   qodef-icon--right qodef-hover--icon-move-horizontal-short     \" href=\"https:\/\/workshop.rochesterapps.com\/index.php\/steve\/\" target=\"_self\">\t<span class=\"qodef-m-text\">Ver perfil<\/span>\t<\/a>\t<\/div>\n\t\t<\/div>\n\t<\/div>\n\t\t<a itemprop=\"url\" href=\"https:\/\/workshop.rochesterapps.com\/index.php\/steve\/\" class=\"qodef-m-banner-link\" target=\"_self\"><\/a>\n<\/div>\n\t\t<\/div>\n\t\t\t\t<\/div>\n\t\t\t\t\t<\/div>\n\t\t<\/div>\n\t\t\t\t<div class=\"elementor-column elementor-col-25 elementor-top-column elementor-element elementor-element-6b9ea279\" data-id=\"6b9ea279\" data-element_type=\"column\">\n\t\t\t<div class=\"elementor-widget-wrap elementor-element-populated\">\n\t\t\t\t\t\t\t\t<div class=\"elementor-element elementor-element-6d4431cf elementor-widget elementor-widget-qi_addons_for_elementor_banner\" data-id=\"6d4431cf\" data-element_type=\"widget\" data-widget_type=\"qi_addons_for_elementor_banner.default\">\n\t\t\t\t<div class=\"elementor-widget-container\">\n\t\t\t<div class=\"qodef-shortcode qodef-m  qodef-qi-banner qodef-layout--standard qodef-vertical--bottom qodef-horizontal--left qodef-image--hover-zoom \">\n\t<div class=\"qodef-m-image\">\n\t<img width=\"500\" height=\"800\" src=\"https:\/\/workshop.rochesterapps.com\/wp-content\/uploads\/2023\/06\/JuanPabloAljure-1.jpg\" class=\"attachment-full size-full\" alt=\"\" decoding=\"async\" loading=\"lazy\" srcset=\"https:\/\/workshop.rochesterapps.com\/wp-content\/uploads\/2023\/06\/JuanPabloAljure-1.jpg 500w, https:\/\/workshop.rochesterapps.com\/wp-content\/uploads\/2023\/06\/JuanPabloAljure-1-188x300.jpg 188w\" sizes=\"(max-width: 500px) 100vw, 500px\" \/><\/div>\n\t<div class=\"qodef-m-content\">\n\t\t<div class=\"qodef-m-content-inner\">\n\t\t\t\t<h5 class=\"qodef-m-subtitle\">\n\t\tPresidente del Colegio Rochester\t<\/h5>\n\t\t\t\t<h3 class=\"qodef-m-title\">\n\t\tJuan Pablo ALJURE\t<\/h3>\n\t\t\t\t\t\t\t<div class=\"qodef-m-button\">\n\t\t<a class=\"qodef-shortcode qodef-m  qodef-qi-button qodef-html--link qodef-layout--outlined qodef-type--standard   qodef-icon--right qodef-hover--icon-move-horizontal-short     \" href=\"https:\/\/workshop.rochesterapps.com\/index.php\/juan\/\" target=\"_self\">\t<span class=\"qodef-m-text\">Ver perfil<\/span>\t<\/a>\t<\/div>\n\t\t<\/div>\n\t<\/div>\n\t\t<a itemprop=\"url\" href=\"https:\/\/workshop.rochesterapps.com\/index.php\/juan\/\" class=\"qodef-m-banner-link\" target=\"_self\"><\/a>\n<\/div>\n\t\t<\/div>\n\t\t\t\t<\/div>\n\t\t\t\t\t<\/div>\n\t\t<\/div>\n\t\t\t\t<div class=\"elementor-column elementor-col-25 elementor-top-column elementor-element elementor-element-5922e24e\" data-id=\"5922e24e\" data-element_type=\"column\">\n\t\t\t<div class=\"elementor-widget-wrap elementor-element-populated\">\n\t\t\t\t\t\t\t\t<div class=\"elementor-element elementor-element-3ffc5a4 elementor-widget elementor-widget-qi_addons_for_elementor_banner\" data-id=\"3ffc5a4\" data-element_type=\"widget\" data-widget_type=\"qi_addons_for_elementor_banner.default\">\n\t\t\t\t<div class=\"elementor-widget-container\">\n\t\t\t<div class=\"qodef-shortcode qodef-m  qodef-qi-banner qodef-layout--standard qodef-vertical--bottom qodef-horizontal--left qodef-image--hover-zoom \">\n\t<div class=\"qodef-m-image\">\n\t<img width=\"500\" height=\"800\" src=\"https:\/\/workshop.rochesterapps.com\/wp-content\/uploads\/2023\/06\/FOT_2766-1.jpg\" class=\"attachment-full size-full\" alt=\"\" decoding=\"async\" loading=\"lazy\" srcset=\"https:\/\/workshop.rochesterapps.com\/wp-content\/uploads\/2023\/06\/FOT_2766-1.jpg 500w, https:\/\/workshop.rochesterapps.com\/wp-content\/uploads\/2023\/06\/FOT_2766-1-188x300.jpg 188w\" sizes=\"(max-width: 500px) 100vw, 500px\" \/><\/div>\n\t<div class=\"qodef-m-content\">\n\t\t<div class=\"qodef-m-content-inner\">\n\t\t\t\t<h5 class=\"qodef-m-subtitle\">\n\t\tDirectora del Centro de Bienestar para Estudiantes Colegio Rochester\t<\/h5>\n\t\t\t\t<h3 class=\"qodef-m-title\">\n\t\tMARIELITA MEDINA\t<\/h3>\n\t\t\t\t\t\t\t<div class=\"qodef-m-button\">\n\t\t<a class=\"qodef-shortcode qodef-m  qodef-qi-button qodef-html--link qodef-layout--outlined qodef-type--standard   qodef-icon--right qodef-hover--icon-move-horizontal-short     \" href=\"https:\/\/workshop.rochesterapps.com\/index.php\/marielita\/\" target=\"_self\">\t<span class=\"qodef-m-text\">Ver perfil<\/span>\t<\/a>\t<\/div>\n\t\t<\/div>\n\t<\/div>\n\t\t<a itemprop=\"url\" href=\"https:\/\/workshop.rochesterapps.com\/index.php\/marielita\/\" class=\"qodef-m-banner-link\" target=\"_self\"><\/a>\n<\/div>\n\t\t<\/div>\n\t\t\t\t<\/div>\n\t\t\t\t\t<\/div>\n\t\t<\/div>\n\t\t\t\t\t\t\t<\/div>\n\t\t<\/section>\n\t\t\t\t\t\t\t<\/div>\n\t\t","protected":false},"excerpt":{"rendered":"<p>Directora del Centro de Bienestar para Estudiantes Colegio Rochester Marielita Medina Psic\u00f3loga Javeriana con experiencia de 40 a\u00f1os en Educaci\u00f3n. 27 a\u00f1os en el Colegio Rochester como docente de Ingl\u00e9s y Matem\u00e1ticas en Preescolar, y Franc\u00e9s en bachillerato, y 13 a\u00f1os como directora del Centro de Bienestar a estudiantes. \u00a0 Gracias al conocimiento adquirido con [&hellip;]<\/p>\n","protected":false},"author":1,"featured_media":0,"parent":0,"menu_order":0,"comment_status":"closed","ping_status":"closed","template":"","meta":{"content-type":""},"_links":{"self":[{"href":"https:\/\/workshop.rochesterapps.com\/index.php\/wp-json\/wp\/v2\/pages\/3128"}],"collection":[{"href":"https:\/\/workshop.rochesterapps.com\/index.php\/wp-json\/wp\/v2\/pages"}],"about":[{"href":"https:\/\/workshop.rochesterapps.com\/index.php\/wp-json\/wp\/v2\/types\/page"}],"author":[{"embeddable":true,"href":"https:\/\/workshop.rochesterapps.com\/index.php\/wp-json\/wp\/v2\/users\/1"}],"replies":[{"embeddable":true,"href":"https:\/\/workshop.rochesterapps.com\/index.php\/wp-json\/wp\/v2\/comments?post=3128"}],"version-history":[{"count":13,"href":"https:\/\/workshop.rochesterapps.com\/index.php\/wp-json\/wp\/v2\/pages\/3128\/revisions"}],"predecessor-version":[{"id":3267,"href":"https:\/\/workshop.rochesterapps.com\/index.php\/wp-json\/wp\/v2\/pages\/3128\/revisions\/3267"}],"wp:attachment":[{"href":"https:\/\/workshop.rochesterapps.com\/index.php\/wp-json\/wp\/v2\/media?parent=3128"}],"curies":[{"name":"wp","href":"https:\/\/api.w.org\/{rel}","templated":true}]}}